{"id":4857,"date":"2022-10-07T10:09:07","date_gmt":"2022-10-07T10:09:07","guid":{"rendered":"https:\/\/irmadent.co.uk\/dekojame-uz-jusu-pranesima\/"},"modified":"2022-10-10T12:20:06","modified_gmt":"2022-10-10T12:20:06","slug":"dekojame-uz-jusu-pranesima","status":"publish","type":"page","link":"https:\/\/irmadent.co.uk\/lt\/dekojame-uz-jusu-pranesima\/","title":{"rendered":"D\u0117kojame u\u017e j\u016bs\u0173 prane\u0161im\u0105."},"content":{"rendered":"<p>[vc_row][vc_column][vc_message message_box_color=&#8221;green&#8221;]D\u0117kojame u\u017e j\u016bs\u0173 prane\u0161im\u0105. Jis i\u0161si\u0173stas. Su jumis susisieksime kuo grei\u010diau.[\/vc_message][\/vc_column][\/vc_row]<\/p>\n","protected":false},"excerpt":{"rendered":"<p>[vc_row][vc_column][vc_message message_box_color=&#8221;green&#8221;]D\u0117kojame u\u017e j\u016bs\u0173 prane\u0161im\u0105. Jis i\u0161si\u0173stas. Su jumis susisieksime kuo grei\u010diau.[\/vc_message][\/vc_column][\/vc_row]<\/p>\n","protected":false},"author":1,"featured_media":0,"parent":0,"menu_order":0,"comment_status":"closed","ping_status":"closed","template":"","meta":{"footnotes":""},"class_list":["post-4857","page","type-page","status-publish","hentry"],"yoast_head":"<!-- This site is optimized with the Yoast SEO plugin v27.2 - https:\/\/yoast.com\/product\/yoast-seo-wordpress\/ -->\n<title>D\u0117kojame u\u017e j\u016bs\u0173 prane\u0161im\u0105. | Irmadent | Private dental &amp; aesthetic clinic<\/title>\n<meta name=\"robots\" content=\"index, follow, max-snippet:-1, max-image-preview:large, max-video-preview:-1\" \/>\n<link rel=\"canonical\" href=\"https:\/\/irmadent.co.uk\/lt\/dekojame-uz-jusu-pranesima\/\" \/>\n<meta property=\"og:locale\" content=\"lt_LT\" \/>\n<meta property=\"og:type\" content=\"article\" \/>\n<meta property=\"og:title\" content=\"D\u0117kojame u\u017e j\u016bs\u0173 prane\u0161im\u0105. | Irmadent | Private dental &amp; aesthetic clinic\" \/>\n<meta property=\"og:description\" content=\"[vc_row][vc_column][vc_message message_box_color=&#8221;green&#8221;]D\u0117kojame u\u017e j\u016bs\u0173 prane\u0161im\u0105. Jis i\u0161si\u0173stas. Su jumis susisieksime kuo grei\u010diau.[\/vc_message][\/vc_column][\/vc_row]\" \/>\n<meta property=\"og:url\" content=\"https:\/\/irmadent.co.uk\/lt\/dekojame-uz-jusu-pranesima\/\" \/>\n<meta property=\"og:site_name\" content=\"Irmadent | Private dental &amp; aesthetic clinic\" \/>\n<meta property=\"article:publisher\" content=\"https:\/\/www.facebook.com\/irmadental\" \/>\n<meta property=\"article:modified_time\" content=\"2022-10-10T12:20:06+00:00\" \/>\n<meta name=\"twitter:card\" content=\"summary_large_image\" \/>\n<script type=\"application\/ld+json\" class=\"yoast-schema-graph\">{\"@context\":\"https:\/\/schema.org\",\"@graph\":[{\"@type\":\"WebPage\",\"@id\":\"https:\/\/irmadent.co.uk\/lt\/dekojame-uz-jusu-pranesima\/\",\"url\":\"https:\/\/irmadent.co.uk\/lt\/dekojame-uz-jusu-pranesima\/\",\"name\":\"D\u0117kojame u\u017e j\u016bs\u0173 prane\u0161im\u0105. | Irmadent | Private dental &amp; aesthetic clinic\",\"isPartOf\":{\"@id\":\"https:\/\/irmadent.co.uk\/lt\/#website\"},\"datePublished\":\"2022-10-07T10:09:07+00:00\",\"dateModified\":\"2022-10-10T12:20:06+00:00\",\"breadcrumb\":{\"@id\":\"https:\/\/irmadent.co.uk\/lt\/dekojame-uz-jusu-pranesima\/#breadcrumb\"},\"inLanguage\":\"lt-LT\",\"potentialAction\":[{\"@type\":\"ReadAction\",\"target\":[\"https:\/\/irmadent.co.uk\/lt\/dekojame-uz-jusu-pranesima\/\"]}]},{\"@type\":\"BreadcrumbList\",\"@id\":\"https:\/\/irmadent.co.uk\/lt\/dekojame-uz-jusu-pranesima\/#breadcrumb\",\"itemListElement\":[{\"@type\":\"ListItem\",\"position\":1,\"name\":\"Home\",\"item\":\"https:\/\/irmadent.co.uk\/lt\/\"},{\"@type\":\"ListItem\",\"position\":2,\"name\":\"D\u0117kojame u\u017e j\u016bs\u0173 prane\u0161im\u0105.\"}]},{\"@type\":\"WebSite\",\"@id\":\"https:\/\/irmadent.co.uk\/lt\/#website\",\"url\":\"https:\/\/irmadent.co.uk\/lt\/\",\"name\":\"Irmadent | Private dental & aesthetic clinic\",\"description\":\"\",\"publisher\":{\"@id\":\"https:\/\/irmadent.co.uk\/lt\/#organization\"},\"potentialAction\":[{\"@type\":\"SearchAction\",\"target\":{\"@type\":\"EntryPoint\",\"urlTemplate\":\"https:\/\/irmadent.co.uk\/lt\/?s={search_term_string}\"},\"query-input\":{\"@type\":\"PropertyValueSpecification\",\"valueRequired\":true,\"valueName\":\"search_term_string\"}}],\"inLanguage\":\"lt-LT\"},{\"@type\":\"Organization\",\"@id\":\"https:\/\/irmadent.co.uk\/lt\/#organization\",\"name\":\"Irmadent\",\"url\":\"https:\/\/irmadent.co.uk\/lt\/\",\"logo\":{\"@type\":\"ImageObject\",\"inLanguage\":\"lt-LT\",\"@id\":\"https:\/\/irmadent.co.uk\/lt\/#\/schema\/logo\/image\/\",\"url\":\"https:\/\/irmadent.co.uk\/wp-content\/uploads\/2022\/09\/logo-footer.webp\",\"contentUrl\":\"https:\/\/irmadent.co.uk\/wp-content\/uploads\/2022\/09\/logo-footer.webp\",\"width\":489,\"height\":284,\"caption\":\"Irmadent\"},\"image\":{\"@id\":\"https:\/\/irmadent.co.uk\/lt\/#\/schema\/logo\/image\/\"},\"sameAs\":[\"https:\/\/www.facebook.com\/irmadental\"]}]}<\/script>\n<!-- \/ Yoast SEO plugin. -->","yoast_head_json":{"title":"D\u0117kojame u\u017e j\u016bs\u0173 prane\u0161im\u0105. | Irmadent | Private dental &amp; aesthetic clinic","robots":{"index":"index","follow":"follow","max-snippet":"max-snippet:-1","max-image-preview":"max-image-preview:large","max-video-preview":"max-video-preview:-1"},"canonical":"https:\/\/irmadent.co.uk\/lt\/dekojame-uz-jusu-pranesima\/","og_locale":"lt_LT","og_type":"article","og_title":"D\u0117kojame u\u017e j\u016bs\u0173 prane\u0161im\u0105. | Irmadent | Private dental &amp; aesthetic clinic","og_description":"[vc_row][vc_column][vc_message message_box_color=&#8221;green&#8221;]D\u0117kojame u\u017e j\u016bs\u0173 prane\u0161im\u0105. Jis i\u0161si\u0173stas. Su jumis susisieksime kuo grei\u010diau.[\/vc_message][\/vc_column][\/vc_row]","og_url":"https:\/\/irmadent.co.uk\/lt\/dekojame-uz-jusu-pranesima\/","og_site_name":"Irmadent | Private dental &amp; aesthetic clinic","article_publisher":"https:\/\/www.facebook.com\/irmadental","article_modified_time":"2022-10-10T12:20:06+00:00","twitter_card":"summary_large_image","schema":{"@context":"https:\/\/schema.org","@graph":[{"@type":"WebPage","@id":"https:\/\/irmadent.co.uk\/lt\/dekojame-uz-jusu-pranesima\/","url":"https:\/\/irmadent.co.uk\/lt\/dekojame-uz-jusu-pranesima\/","name":"D\u0117kojame u\u017e j\u016bs\u0173 prane\u0161im\u0105. | Irmadent | Private dental &amp; aesthetic clinic","isPartOf":{"@id":"https:\/\/irmadent.co.uk\/lt\/#website"},"datePublished":"2022-10-07T10:09:07+00:00","dateModified":"2022-10-10T12:20:06+00:00","breadcrumb":{"@id":"https:\/\/irmadent.co.uk\/lt\/dekojame-uz-jusu-pranesima\/#breadcrumb"},"inLanguage":"lt-LT","potentialAction":[{"@type":"ReadAction","target":["https:\/\/irmadent.co.uk\/lt\/dekojame-uz-jusu-pranesima\/"]}]},{"@type":"BreadcrumbList","@id":"https:\/\/irmadent.co.uk\/lt\/dekojame-uz-jusu-pranesima\/#breadcrumb","itemListElement":[{"@type":"ListItem","position":1,"name":"Home","item":"https:\/\/irmadent.co.uk\/lt\/"},{"@type":"ListItem","position":2,"name":"D\u0117kojame u\u017e j\u016bs\u0173 prane\u0161im\u0105."}]},{"@type":"WebSite","@id":"https:\/\/irmadent.co.uk\/lt\/#website","url":"https:\/\/irmadent.co.uk\/lt\/","name":"Irmadent | Private dental & aesthetic clinic","description":"","publisher":{"@id":"https:\/\/irmadent.co.uk\/lt\/#organization"},"potentialAction":[{"@type":"SearchAction","target":{"@type":"EntryPoint","urlTemplate":"https:\/\/irmadent.co.uk\/lt\/?s={search_term_string}"},"query-input":{"@type":"PropertyValueSpecification","valueRequired":true,"valueName":"search_term_string"}}],"inLanguage":"lt-LT"},{"@type":"Organization","@id":"https:\/\/irmadent.co.uk\/lt\/#organization","name":"Irmadent","url":"https:\/\/irmadent.co.uk\/lt\/","logo":{"@type":"ImageObject","inLanguage":"lt-LT","@id":"https:\/\/irmadent.co.uk\/lt\/#\/schema\/logo\/image\/","url":"https:\/\/irmadent.co.uk\/wp-content\/uploads\/2022\/09\/logo-footer.webp","contentUrl":"https:\/\/irmadent.co.uk\/wp-content\/uploads\/2022\/09\/logo-footer.webp","width":489,"height":284,"caption":"Irmadent"},"image":{"@id":"https:\/\/irmadent.co.uk\/lt\/#\/schema\/logo\/image\/"},"sameAs":["https:\/\/www.facebook.com\/irmadental"]}]}},"_hostinger_reach_plugin_has_subscription_block":false,"_hostinger_reach_plugin_is_elementor":false,"yoast_title":"D\u0117kojame u\u017e j\u016bs\u0173 prane\u0161im\u0105. | Irmadent | Private dental &amp; aesthetic clinic","yoast_meta":[{"name":"robots","content":"index, follow, max-snippet:-1, max-image-preview:large, max-video-preview:-1"},{"property":"og:locale","content":"lt_LT"},{"property":"og:type","content":"article"},{"property":"og:title","content":"D\u0117kojame u\u017e j\u016bs\u0173 prane\u0161im\u0105. | Irmadent | Private dental &amp; aesthetic clinic"},{"property":"og:description","content":"[vc_row][vc_column][vc_message message_box_color=\u201dgreen\u201d]D\u0117kojame u\u017e j\u016bs\u0173 prane\u0161im\u0105. Jis i\u0161si\u0173stas. Su jumis susisieksime kuo grei\u010diau.[\/vc_message][\/vc_column][\/vc_row]"},{"property":"og:url","content":"https:\/\/irmadent.co.uk\/lt\/dekojame-uz-jusu-pranesima\/"},{"property":"og:site_name","content":"Irmadent | Private dental &amp; aesthetic clinic"},{"property":"article:publisher","content":"https:\/\/www.facebook.com\/irmadental"},{"property":"article:modified_time","content":"2022-10-10T12:20:06+00:00"},{"name":"twitter:card","content":"summary_large_image"},{"name":"robots","content":"index, follow, max-image-preview:large, max-snippet:-1, max-video-preview:-1"}],"yoast_json_ld":[{"@context":"https:\/\/schema.org","@graph":[{"@type":"WebPage","@id":"https:\/\/irmadent.co.uk\/lt\/dekojame-uz-jusu-pranesima\/","url":"https:\/\/irmadent.co.uk\/lt\/dekojame-uz-jusu-pranesima\/","name":"D&#279;kojame u&#382; j&#363;s&#371; prane&scaron;im&#261;. | Irmadent | Private dental &amp; aesthetic clinic","isPartOf":{"@id":"https:\/\/irmadent.co.uk\/lt\/#website"},"datePublished":"2022-10-07T10:09:07+00:00","dateModified":"2022-10-10T12:20:06+00:00","breadcrumb":{"@id":"https:\/\/irmadent.co.uk\/lt\/dekojame-uz-jusu-pranesima\/#breadcrumb"},"inLanguage":"lt-LT","potentialAction":[{"@type":"ReadAction","target":["https:\/\/irmadent.co.uk\/lt\/dekojame-uz-jusu-pranesima\/"]}]},{"@type":"BreadcrumbList","@id":"https:\/\/irmadent.co.uk\/lt\/dekojame-uz-jusu-pranesima\/#breadcrumb","itemListElement":[{"@type":"ListItem","position":1,"name":"Home","item":"https:\/\/irmadent.co.uk\/lt\/"},{"@type":"ListItem","position":2,"name":"D&#279;kojame u&#382; j&#363;s&#371; prane&scaron;im&#261;."}]},{"@type":"WebSite","@id":"https:\/\/irmadent.co.uk\/lt\/#website","url":"https:\/\/irmadent.co.uk\/lt\/","name":"Irmadent | Private dental & aesthetic clinic","description":"","publisher":{"@id":"https:\/\/irmadent.co.uk\/lt\/#organization"},"potentialAction":[{"@type":"SearchAction","target":{"@type":"EntryPoint","urlTemplate":"https:\/\/irmadent.co.uk\/lt\/?s={search_term_string}"},"query-input":{"@type":"PropertyValueSpecification","valueRequired":true,"valueName":"search_term_string"}}],"inLanguage":"lt-LT"},{"@type":"Organization","@id":"https:\/\/irmadent.co.uk\/lt\/#organization","name":"Irmadent","url":"https:\/\/irmadent.co.uk\/lt\/","logo":{"@type":"ImageObject","inLanguage":"lt-LT","@id":"https:\/\/irmadent.co.uk\/lt\/#\/schema\/logo\/image\/","url":"https:\/\/irmadent.co.uk\/wp-content\/uploads\/2022\/09\/logo-footer.webp","contentUrl":"https:\/\/irmadent.co.uk\/wp-content\/uploads\/2022\/09\/logo-footer.webp","width":489,"height":284,"caption":"Irmadent"},"image":{"@id":"https:\/\/irmadent.co.uk\/lt\/#\/schema\/logo\/image\/"},"sameAs":["https:\/\/www.facebook.com\/irmadental"]}]}],"_links":{"self":[{"href":"https:\/\/irmadent.co.uk\/lt\/wp-json\/wp\/v2\/pages\/4857","targetHints":{"allow":["GET"]}}],"collection":[{"href":"https:\/\/irmadent.co.uk\/lt\/wp-json\/wp\/v2\/pages"}],"about":[{"href":"https:\/\/irmadent.co.uk\/lt\/wp-json\/wp\/v2\/types\/page"}],"author":[{"embeddable":true,"href":"https:\/\/irmadent.co.uk\/lt\/wp-json\/wp\/v2\/users\/1"}],"replies":[{"embeddable":true,"href":"https:\/\/irmadent.co.uk\/lt\/wp-json\/wp\/v2\/comments?post=4857"}],"version-history":[{"count":2,"href":"https:\/\/irmadent.co.uk\/lt\/wp-json\/wp\/v2\/pages\/4857\/revisions"}],"predecessor-version":[{"id":4860,"href":"https:\/\/irmadent.co.uk\/lt\/wp-json\/wp\/v2\/pages\/4857\/revisions\/4860"}],"wp:attachment":[{"href":"https:\/\/irmadent.co.uk\/lt\/wp-json\/wp\/v2\/media?parent=4857"}],"curies":[{"name":"wp","href":"https:\/\/api.w.org\/{rel}","templated":true}]}}