{"id":5118,"date":"2024-02-15T14:59:21","date_gmt":"2024-02-15T14:59:21","guid":{"rendered":"https:\/\/irmadent.co.uk\/slapuku-politika-2\/"},"modified":"2026-03-26T17:39:32","modified_gmt":"2026-03-26T17:39:32","slug":"slapuku-politika-2","status":"publish","type":"page","link":"https:\/\/irmadent.co.uk\/lt\/slapuku-politika-2\/","title":{"rendered":"Slapuk\u0173 politika"},"content":{"rendered":"<div class=\"cli_pg_page_contaner\">\n<h3>Apie \u0161i\u0105 slapuk\u0173 politik\u0105<\/h3>\n<div>\u0160ioje slapuk\u0173 politikoje paai\u0161kinama, kas yra slapukai ir kaip juos naudojame, kokius slapukus naudojame, ty koki\u0105 informacij\u0105 renkame naudodami slapukus ir kaip \u0161i informacija naudojama bei kaip valdyti slapuk\u0173 nuostatas. Daugiau informacijos apie tai, kaip naudojame, saugome ir saugome j\u016bs\u0173 asmens duomenis, rasite m\u016bs\u0173 privatumo politikoje.<\/p>\n<p>Savo sutikim\u0105 galite bet kada pakeisti arba at\u0161aukti Slapuk\u0173 deklaracijoje m\u016bs\u0173 svetain\u0117je<br \/>\nDaugiau informacijos apie tai, kas mes esame, kaip galite su mumis susisiekti ir kaip tvarkome asmens duomenis, rasite m\u016bs\u0173 privatumo politikoje.<br \/>\nJ\u016bs\u0173 sutikimas taikomas \u0161ioms sritims: www.irmadent.co.uk<br \/>\n<div class=\"cli_user_consent_state\">J\u016bs\u0173 dabartin\u0117 b\u016bsena: Sutikimas neduotas. <a class=\"cli_manage_current_consent\" style=\"cursor:pointer;text-decoration:underline;\">Valdyti sutikimo nustatymus.<\/a> <\/div><\/p><\/div>\n<h3>Kas yra slapukai?<\/h3>\n<div>Slapukai yra ma\u017ei tekstiniai failai, naudojami ma\u017eoms informacijos dalims saugoti. Jie saugomi j\u016bs\u0173 \u012frenginyje, kai svetain\u0117 \u012fkeliama \u012f j\u016bs\u0173 nar\u0161ykl\u0119. \u0160ie slapukai padeda mums u\u017etikrinti, kad svetain\u0117 tinkamai veikt\u0173, saugesn\u0117, geresn\u0117 vartotojo patirtis, suprasti, kaip veikia svetain\u0117, ir analizuoti, kas veikia ir kur j\u0105 reikia tobulinti.<\/div>\n<h3>Kaip naudojame slapukus?<\/h3>\n<div>Kaip ir dauguma internetini\u0173 paslaug\u0173, m\u016bs\u0173 svetain\u0117 keliais tikslais naudoja pirmosios ir tre\u010diosios \u0161alies slapukus. Pirmosios \u0161alies slapukai da\u017eniausiai reikalingi, kad svetain\u0117 tinkamai veikt\u0173, ir jie nerenka joki\u0173 j\u016bs\u0173 asmen\u012f identifikuojan\u010di\u0173 duomen\u0173.<\/p>\n<p>M\u016bs\u0173 svetain\u0117je naudojami tre\u010di\u0173j\u0173 \u0161ali\u0173 slapukai daugiausia skirti suprasti, kaip svetain\u0117 veikia, kaip s\u0105veikaujate su m\u016bs\u0173 svetaine, u\u017etikrinti m\u016bs\u0173 paslaug\u0173 saugum\u0105, teikti jums aktualias reklamas ir apskritai suteikti jums geresn\u012f ir tobulesn\u012f vartotoj\u0105. patirt\u012f ir pad\u0117ti paspartinti b\u016bsim\u0105 s\u0105veik\u0105 su m\u016bs\u0173 svetaine.<\/p><\/div>\n<h3>Kokius slapukus naudojame?<\/h3>\n<div>Esminiai: kai kurie slapukai yra b\u016btini, kad gal\u0117tum\u0117te naudotis visomis m\u016bs\u0173 svetain\u0117s funkcijomis. Jie leid\u017eia mums palaikyti vartotoj\u0173 seansus ir u\u017ekirsti keli\u0105 bet kokioms saugumo gr\u0117sm\u0117ms. Jie nerenka ir nesaugo jokios asmenin\u0117s informacijos. Pavyzd\u017eiui, \u0161ie slapukai leid\u017eia prisijungti prie paskyros ir \u012ftraukti produktus \u012f krep\u0161el\u012f bei saugiai atsiskaityti.<\/p>\n<p>Statistika: \u0161ie slapukai saugo informacij\u0105, pvz., svetain\u0117s lankytoj\u0173 skai\u010di\u0173, unikali\u0173 lankytoj\u0173 skai\u010di\u0173, kurie svetain\u0117s puslapiai buvo aplankyti, apsilankymo \u0161altinis ir kt. \u0160ie duomenys padeda mums suprasti ir analizuoti, kaip gerai veikia svetain\u0117 ir kur j\u0105 reikia tobulinti.<\/p>\n<p>Rinkodara: m\u016bs\u0173 svetain\u0117je rodomi skelbimai. \u0160ie slapukai naudojami siekiant suasmeninti jums rodomus skelbimus, kad jie b\u016bt\u0173 jums reik\u0161mingi. \u0160ie slapukai taip pat padeda mums sekti \u0161i\u0173 reklamos kampanij\u0173 efektyvum\u0105.<br \/>\n\u0160iuose slapukuose saugom\u0105 informacij\u0105 taip pat gali naudoti tre\u010di\u0173j\u0173 \u0161ali\u0173 reklamos teik\u0117jai, kad rodyt\u0173 jums reklam\u0105 ir kitose nar\u0161ykl\u0117s svetain\u0117se.<\/p>\n<p>Funkcinis: Tai slapukai, padedantys atlikti tam tikras neesmines m\u016bs\u0173 svetain\u0117s funkcijas. \u0160ios funkcijos apima turinio, pvz., vaizdo \u012fra\u0161\u0173, \u012fterpim\u0105 arba svetain\u0117s turinio bendrinim\u0105 socialin\u0117s \u017einiasklaidos platformose.<\/p>\n<p>Parinktys: \u0161ie slapukai padeda i\u0161saugoti j\u016bs\u0173 nustatymus ir nar\u0161ymo nuostatas, pvz., kalbos nuostatas, kad ateityje lankydamiesi svetain\u0117je tur\u0117tum\u0117te geresn\u0119 ir efektyvesn\u0119 patirt\u012f.<br \/>\n<p>The below list details the cookies used in our website.<\/p><table class=\"cookielawinfo-row-cat-table cookielawinfo-classic\"><thead><tr><th class=\"cookielawinfo-column-1\">Slapukas<\/th><th class=\"cookielawinfo-column-4\">Apra\u0161ymas<\/th><\/tr><\/thead><tbody><tr class=\"cookielawinfo-row\"><td class=\"cookielawinfo-column-1\">_fbp<\/td><td class=\"cookielawinfo-column-4\">\"Facebook\" nustato \u0161\u012f slapuk\u0105, kad po apsilankymo svetain\u0117je b\u016bt\u0173 rodomos reklamos, kai apsilankote \"Facebook\" arba skaitmenin\u0117je platformoje, kurioje naudojama \"Facebook\" reklama.<\/td><\/tr><tr class=\"cookielawinfo-row\"><td class=\"cookielawinfo-column-1\">_ga<\/td><td class=\"cookielawinfo-column-4\">\"Google Analytics\" nustato \u0161\u012f slapuk\u0105 lankytoj\u0173, sesij\u0173 ir kampanij\u0173 duomenims apskai\u010diuoti ir svetain\u0117s naudojimui steb\u0117ti, kad b\u016bt\u0173 galima parengti svetain\u0117s analiz\u0117s ataskait\u0105. Slapukas anonimi\u0161kai saugo informacij\u0105 ir unikaliems lankytojams atpa\u017einti priskiria atsitiktinai sugeneruot\u0105 numer\u012f.<\/td><\/tr><tr class=\"cookielawinfo-row\"><td class=\"cookielawinfo-column-1\">_ga_*<\/td><td class=\"cookielawinfo-column-4\">\"Google Analytics\" nustato \u0161\u012f slapuk\u0105, kad i\u0161saugot\u0173 ir suskai\u010diuot\u0173 puslapio per\u017ei\u016br\u0173 skai\u010di\u0173.<\/td><\/tr><tr class=\"cookielawinfo-row\"><td class=\"cookielawinfo-column-1\">_gcl_au<\/td><td class=\"cookielawinfo-column-4\">\"Google Tag Manager\" nustato slapuk\u0105, kad gal\u0117t\u0173 eksperimentuoti svetaini\u0173, naudojan\u010di\u0173 j\u0173 paslaugas, reklamos efektyvum\u0105.<\/td><\/tr><tr class=\"cookielawinfo-row\"><td class=\"cookielawinfo-column-1\">_GRECAPTCHA<\/td><td class=\"cookielawinfo-column-4\">\"Google Recaptcha\" paslauga nustato \u0161\u012f slapuk\u0105, kad atpa\u017eint\u0173 robotus ir apsaugot\u0173 svetain\u0119 nuo kenk\u0117ji\u0161k\u0173 \u0161lam\u0161to atak\u0173.<\/td><\/tr><tr class=\"cookielawinfo-row\"><td class=\"cookielawinfo-column-1\">cookielawinfo-checkbox-analytics<\/td><td class=\"cookielawinfo-column-4\">\u0160iame slapuke, kur\u012f nustato GDPR slapuk\u0173 sutikimo \u012fskiepis, \u012fra\u0161omas naudotojo sutikimas d\u0117l \"Analytics\" kategorijos slapuk\u0173.<\/td><\/tr><tr class=\"cookielawinfo-row\"><td class=\"cookielawinfo-column-1\">cookielawinfo-checkbox-functional<\/td><td class=\"cookielawinfo-column-4\">GDPR slapuk\u0173 sutikimo \u012fskiepis nustato slapuk\u0105, kad b\u016bt\u0173 \u012fra\u0161ytas naudotojo sutikimas d\u0117l slapuk\u0173, priskiriam\u0173 kategorijai \"Funkciniai\".<\/td><\/tr><tr class=\"cookielawinfo-row\"><td class=\"cookielawinfo-column-1\">cookielawinfo-checkbox-necessary<\/td><td class=\"cookielawinfo-column-4\">\u0160iame slapuke, kur\u012f nustato GDPR slapuk\u0173 sutikimo \u012fskiepis, \u012fra\u0161omas naudotojo sutikimas d\u0117l slapuk\u0173 kategorijos \"B\u016btina\".<\/td><\/tr><tr class=\"cookielawinfo-row\"><td class=\"cookielawinfo-column-1\">cookielawinfo-checkbox-others<\/td><td class=\"cookielawinfo-column-4\">\u0160iame slapuke, kur\u012f nustato GDPR slapuk\u0173 sutikimo \u012fskiepis, saugomas naudotojo sutikimas d\u0117l kategorijos \"Kiti\" slapuk\u0173.<\/td><\/tr><tr class=\"cookielawinfo-row\"><td class=\"cookielawinfo-column-1\">cookielawinfo-checkbox-performance<\/td><td class=\"cookielawinfo-column-4\">\u0160iame slapuke, kur\u012f nustato GDPR slapuk\u0173 sutikimo \u012fskiepis, saugomas naudotojo sutikimas d\u0117l slapuk\u0173, priskiriam\u0173 kategorijai \"Veikimas\".<\/td><\/tr><tr class=\"cookielawinfo-row\"><td class=\"cookielawinfo-column-1\">cookielawinfo-checkbox-reklama<\/td><td class=\"cookielawinfo-column-4\">\u0160iame slapuke, kur\u012f nustato GDPR slapuk\u0173 sutikimo \u012fskiepis, \u012fra\u0161omas naudotojo sutikimas d\u0117l \"Reklamos\" kategorijos slapuk\u0173.<\/td><\/tr><tr class=\"cookielawinfo-row\"><td class=\"cookielawinfo-column-1\">CookieLawInfoSutikimas<\/td><td class=\"cookielawinfo-column-4\">\"CookieYes\" nustato \u0161\u012f slapuk\u0105, kad b\u016bt\u0173 \u012fra\u0161yta atitinkamos kategorijos numatytojo mygtuko b\u016bsena ir CCPA b\u016bsena. Jis veikia tik derinant su pagrindiniu slapuku.<\/td><\/tr><tr class=\"cookielawinfo-row\"><td class=\"cookielawinfo-column-1\">PHPSESSID<\/td><td class=\"cookielawinfo-column-4\">\u0160is slapukas yra b\u016bdingas PHP programoms. Slapukas saugo ir identifikuoja unikal\u0173 naudotojo sesijos ID, kad b\u016bt\u0173 galima valdyti naudotojo sesijas svetain\u0117je. \u0160is slapukas yra sesijos slapukas ir bus i\u0161trintas, kai bus u\u017edaryti visi nar\u0161ykl\u0117s langai.<\/td><\/tr><tr class=\"cookielawinfo-row\"><td class=\"cookielawinfo-column-1\">test_cookie<\/td><td class=\"cookielawinfo-column-4\">doubleclick.net nustato \u0161\u012f slapuk\u0105, kad nustatyt\u0173, ar naudotojo nar\u0161ykl\u0117 palaiko slapukus.<\/td><\/tr><tr class=\"cookielawinfo-row\"><td class=\"cookielawinfo-column-1\">wp-wpml_current_language<\/td><td class=\"cookielawinfo-column-4\">\"WordPress\" daugiakalbis \u012fskiepis nustato \u0161\u012f slapuk\u0105, kad i\u0161saugot\u0173 dabartin\u0117s kalbos ir (arba) kalbos nustatymus.<\/td><\/tr><\/tbody><\/table><\/p><\/div>\n<h3>Kaip galiu valdyti slapuk\u0173 nuostatas?<\/h3>\n<div>Jei v\u0117liau, nar\u0161ymo sesijos metu, nuspr\u0119stum\u0117te pakeisti nuostatas, galite spustel\u0117ti ekrano skirtuk\u0105 &#8222;Tvarkyti sutikim\u0105&#8221;. Taip v\u0117l bus rodomas sutikimo prane\u0161imas, leid\u017eiantis pakeisti savo nuostatas arba visi\u0161kai at\u0161aukti sutikim\u0105.<\/p>\n<p>Be to, \u012fvairios nar\u0161ykl\u0117s si\u016blo skirtingus metodus, kaip blokuoti ir i\u0161trinti svetaini\u0173 naudojamus slapukus. Nor\u0117dami blokuoti \/ i\u0161trinti slapukus, galite pakeisti savo nar\u0161ykl\u0117s nustatymus. Nor\u0117dami su\u017einoti daugiau apie tai, kaip tvarkyti ir i\u0161trinti slapukus, apsilankykite wikipedia.org, www.allaboutcookies.org.<\/p><\/div>\n<\/div>\n","protected":false},"excerpt":{"rendered":"<p>Apie \u0161i\u0105 slapuk\u0173 politik\u0105 \u0160ioje slapuk\u0173 politikoje paai\u0161kinama, kas yra slapukai ir kaip juos naudojame, kokius slapukus naudojame, ty koki\u0105 informacij\u0105 renkame naudodami slapukus ir kaip \u0161i informacija naudojama bei kaip valdyti slapuk\u0173 nuostatas. Daugiau informacijos apie tai, kaip naudojame, saugome ir saugome j\u016bs\u0173 asmens duomenis, rasite m\u016bs\u0173 privatumo politikoje. Savo sutikim\u0105 galite bet kada [&hellip;]<\/p>\n","protected":false},"author":1,"featured_media":0,"parent":0,"menu_order":0,"comment_status":"closed","ping_status":"closed","template":"","meta":{"footnotes":""},"class_list":["post-5118","page","type-page","status-publish","hentry"],"yoast_head":"<!-- This site is optimized with the Yoast SEO plugin v27.2 - https:\/\/yoast.com\/product\/yoast-seo-wordpress\/ -->\n<title>Slapuk\u0173 politika | Irmadent | Private dental &amp; aesthetic clinic<\/title>\n<meta name=\"robots\" content=\"index, follow, max-snippet:-1, max-image-preview:large, max-video-preview:-1\" \/>\n<link rel=\"canonical\" href=\"https:\/\/irmadent.co.uk\/lt\/slapuku-politika-2\/\" \/>\n<meta property=\"og:locale\" content=\"lt_LT\" \/>\n<meta property=\"og:type\" content=\"article\" \/>\n<meta property=\"og:title\" content=\"Slapuk\u0173 politika | Irmadent | Private dental &amp; aesthetic clinic\" \/>\n<meta property=\"og:description\" content=\"Apie \u0161i\u0105 slapuk\u0173 politik\u0105 \u0160ioje slapuk\u0173 politikoje paai\u0161kinama, kas yra slapukai ir kaip juos naudojame, kokius slapukus naudojame, ty koki\u0105 informacij\u0105 renkame naudodami slapukus ir kaip \u0161i informacija naudojama bei kaip valdyti slapuk\u0173 nuostatas. Daugiau informacijos apie tai, kaip naudojame, saugome ir saugome j\u016bs\u0173 asmens duomenis, rasite m\u016bs\u0173 privatumo politikoje. Savo sutikim\u0105 galite bet kada [&hellip;]\" \/>\n<meta property=\"og:url\" content=\"https:\/\/irmadent.co.uk\/lt\/slapuku-politika-2\/\" \/>\n<meta property=\"og:site_name\" content=\"Irmadent | Private dental &amp; aesthetic clinic\" \/>\n<meta property=\"article:publisher\" content=\"https:\/\/www.facebook.com\/irmadental\" \/>\n<meta property=\"article:modified_time\" content=\"2026-03-26T17:39:32+00:00\" \/>\n<meta name=\"twitter:card\" content=\"summary_large_image\" \/>\n<meta name=\"twitter:label1\" content=\"Est. reading time\" \/>\n\t<meta name=\"twitter:data1\" content=\"3 minut\u0117s\" \/>\n<script type=\"application\/ld+json\" class=\"yoast-schema-graph\">{\"@context\":\"https:\/\/schema.org\",\"@graph\":[{\"@type\":\"WebPage\",\"@id\":\"https:\/\/irmadent.co.uk\/lt\/slapuku-politika-2\/\",\"url\":\"https:\/\/irmadent.co.uk\/lt\/slapuku-politika-2\/\",\"name\":\"Slapuk\u0173 politika | Irmadent | Private dental &amp; aesthetic clinic\",\"isPartOf\":{\"@id\":\"https:\/\/irmadent.co.uk\/lt\/#website\"},\"datePublished\":\"2024-02-15T14:59:21+00:00\",\"dateModified\":\"2026-03-26T17:39:32+00:00\",\"breadcrumb\":{\"@id\":\"https:\/\/irmadent.co.uk\/lt\/slapuku-politika-2\/#breadcrumb\"},\"inLanguage\":\"lt-LT\",\"potentialAction\":[{\"@type\":\"ReadAction\",\"target\":[\"https:\/\/irmadent.co.uk\/lt\/slapuku-politika-2\/\"]}]},{\"@type\":\"BreadcrumbList\",\"@id\":\"https:\/\/irmadent.co.uk\/lt\/slapuku-politika-2\/#breadcrumb\",\"itemListElement\":[{\"@type\":\"ListItem\",\"position\":1,\"name\":\"Home\",\"item\":\"https:\/\/irmadent.co.uk\/lt\/pagrindinis\/\"},{\"@type\":\"ListItem\",\"position\":2,\"name\":\"Slapuk\u0173 politika\"}]},{\"@type\":\"WebSite\",\"@id\":\"https:\/\/irmadent.co.uk\/lt\/#website\",\"url\":\"https:\/\/irmadent.co.uk\/lt\/\",\"name\":\"Irmadent | Private dental & aesthetic clinic\",\"description\":\"\",\"publisher\":{\"@id\":\"https:\/\/irmadent.co.uk\/lt\/#organization\"},\"potentialAction\":[{\"@type\":\"SearchAction\",\"target\":{\"@type\":\"EntryPoint\",\"urlTemplate\":\"https:\/\/irmadent.co.uk\/lt\/?s={search_term_string}\"},\"query-input\":{\"@type\":\"PropertyValueSpecification\",\"valueRequired\":true,\"valueName\":\"search_term_string\"}}],\"inLanguage\":\"lt-LT\"},{\"@type\":\"Organization\",\"@id\":\"https:\/\/irmadent.co.uk\/lt\/#organization\",\"name\":\"Irmadent\",\"url\":\"https:\/\/irmadent.co.uk\/lt\/\",\"logo\":{\"@type\":\"ImageObject\",\"inLanguage\":\"lt-LT\",\"@id\":\"https:\/\/irmadent.co.uk\/lt\/#\/schema\/logo\/image\/\",\"url\":\"https:\/\/irmadent.co.uk\/wp-content\/uploads\/2022\/09\/logo-footer.webp\",\"contentUrl\":\"https:\/\/irmadent.co.uk\/wp-content\/uploads\/2022\/09\/logo-footer.webp\",\"width\":489,\"height\":284,\"caption\":\"Irmadent\"},\"image\":{\"@id\":\"https:\/\/irmadent.co.uk\/lt\/#\/schema\/logo\/image\/\"},\"sameAs\":[\"https:\/\/www.facebook.com\/irmadental\"]}]}<\/script>\n<!-- \/ Yoast SEO plugin. -->","yoast_head_json":{"title":"Slapuk\u0173 politika | Irmadent | Private dental &amp; aesthetic clinic","robots":{"index":"index","follow":"follow","max-snippet":"max-snippet:-1","max-image-preview":"max-image-preview:large","max-video-preview":"max-video-preview:-1"},"canonical":"https:\/\/irmadent.co.uk\/lt\/slapuku-politika-2\/","og_locale":"lt_LT","og_type":"article","og_title":"Slapuk\u0173 politika | Irmadent | Private dental &amp; aesthetic clinic","og_description":"Apie \u0161i\u0105 slapuk\u0173 politik\u0105 \u0160ioje slapuk\u0173 politikoje paai\u0161kinama, kas yra slapukai ir kaip juos naudojame, kokius slapukus naudojame, ty koki\u0105 informacij\u0105 renkame naudodami slapukus ir kaip \u0161i informacija naudojama bei kaip valdyti slapuk\u0173 nuostatas. Daugiau informacijos apie tai, kaip naudojame, saugome ir saugome j\u016bs\u0173 asmens duomenis, rasite m\u016bs\u0173 privatumo politikoje. Savo sutikim\u0105 galite bet kada [&hellip;]","og_url":"https:\/\/irmadent.co.uk\/lt\/slapuku-politika-2\/","og_site_name":"Irmadent | Private dental &amp; aesthetic clinic","article_publisher":"https:\/\/www.facebook.com\/irmadental","article_modified_time":"2026-03-26T17:39:32+00:00","twitter_card":"summary_large_image","twitter_misc":{"Est. reading time":"3 minut\u0117s"},"schema":{"@context":"https:\/\/schema.org","@graph":[{"@type":"WebPage","@id":"https:\/\/irmadent.co.uk\/lt\/slapuku-politika-2\/","url":"https:\/\/irmadent.co.uk\/lt\/slapuku-politika-2\/","name":"Slapuk\u0173 politika | Irmadent | Private dental &amp; aesthetic clinic","isPartOf":{"@id":"https:\/\/irmadent.co.uk\/lt\/#website"},"datePublished":"2024-02-15T14:59:21+00:00","dateModified":"2026-03-26T17:39:32+00:00","breadcrumb":{"@id":"https:\/\/irmadent.co.uk\/lt\/slapuku-politika-2\/#breadcrumb"},"inLanguage":"lt-LT","potentialAction":[{"@type":"ReadAction","target":["https:\/\/irmadent.co.uk\/lt\/slapuku-politika-2\/"]}]},{"@type":"BreadcrumbList","@id":"https:\/\/irmadent.co.uk\/lt\/slapuku-politika-2\/#breadcrumb","itemListElement":[{"@type":"ListItem","position":1,"name":"Home","item":"https:\/\/irmadent.co.uk\/lt\/pagrindinis\/"},{"@type":"ListItem","position":2,"name":"Slapuk\u0173 politika"}]},{"@type":"WebSite","@id":"https:\/\/irmadent.co.uk\/lt\/#website","url":"https:\/\/irmadent.co.uk\/lt\/","name":"Irmadent | Private dental & aesthetic clinic","description":"","publisher":{"@id":"https:\/\/irmadent.co.uk\/lt\/#organization"},"potentialAction":[{"@type":"SearchAction","target":{"@type":"EntryPoint","urlTemplate":"https:\/\/irmadent.co.uk\/lt\/?s={search_term_string}"},"query-input":{"@type":"PropertyValueSpecification","valueRequired":true,"valueName":"search_term_string"}}],"inLanguage":"lt-LT"},{"@type":"Organization","@id":"https:\/\/irmadent.co.uk\/lt\/#organization","name":"Irmadent","url":"https:\/\/irmadent.co.uk\/lt\/","logo":{"@type":"ImageObject","inLanguage":"lt-LT","@id":"https:\/\/irmadent.co.uk\/lt\/#\/schema\/logo\/image\/","url":"https:\/\/irmadent.co.uk\/wp-content\/uploads\/2022\/09\/logo-footer.webp","contentUrl":"https:\/\/irmadent.co.uk\/wp-content\/uploads\/2022\/09\/logo-footer.webp","width":489,"height":284,"caption":"Irmadent"},"image":{"@id":"https:\/\/irmadent.co.uk\/lt\/#\/schema\/logo\/image\/"},"sameAs":["https:\/\/www.facebook.com\/irmadental"]}]}},"_hostinger_reach_plugin_has_subscription_block":false,"_hostinger_reach_plugin_is_elementor":false,"yoast_title":"Slapuk\u0173 politika | Irmadent | Private dental &amp; aesthetic clinic","yoast_meta":[{"name":"robots","content":"index, follow, max-snippet:-1, max-image-preview:large, max-video-preview:-1"},{"property":"og:locale","content":"lt_LT"},{"property":"og:type","content":"article"},{"property":"og:title","content":"Slapuk\u0173 politika | Irmadent | Private dental &amp; aesthetic clinic"},{"property":"og:description","content":"Apie \u0161i\u0105 slapuk\u0173 politik\u0105 \u0160ioje slapuk\u0173 politikoje paai\u0161kinama, kas yra slapukai ir kaip juos naudojame, kokius slapukus naudojame, ty koki\u0105 informacij\u0105 renkame naudodami slapukus ir kaip \u0161i informacija naudojama bei kaip valdyti slapuk\u0173 nuostatas. Daugiau informacijos apie tai, kaip naudojame, saugome ir saugome j\u016bs\u0173 asmens duomenis, rasite m\u016bs\u0173 privatumo politikoje. Savo sutikim\u0105 galite bet kada [\u2026]"},{"property":"og:url","content":"https:\/\/irmadent.co.uk\/lt\/slapuku-politika-2\/"},{"property":"og:site_name","content":"Irmadent | Private dental &amp; aesthetic clinic"},{"property":"article:publisher","content":"https:\/\/www.facebook.com\/irmadental"},{"property":"article:modified_time","content":"2026-03-26T17:39:32+00:00"},{"name":"twitter:card","content":"summary_large_image"},{"name":"twitter:label1","content":"Est. reading time"},{"name":"twitter:data1","content":"3 minut\u0117s"},{"name":"robots","content":"index, follow, max-image-preview:large, max-snippet:-1, max-video-preview:-1"}],"yoast_json_ld":[{"@context":"https:\/\/schema.org","@graph":[{"@type":"WebPage","@id":"https:\/\/irmadent.co.uk\/lt\/slapuku-politika-2\/","url":"https:\/\/irmadent.co.uk\/lt\/slapuku-politika-2\/","name":"Slapuk&#371; politika | Irmadent | Private dental &amp; aesthetic clinic","isPartOf":{"@id":"https:\/\/irmadent.co.uk\/lt\/#website"},"datePublished":"2024-02-15T14:59:21+00:00","dateModified":"2026-03-26T17:39:32+00:00","breadcrumb":{"@id":"https:\/\/irmadent.co.uk\/lt\/slapuku-politika-2\/#breadcrumb"},"inLanguage":"lt-LT","potentialAction":[{"@type":"ReadAction","target":["https:\/\/irmadent.co.uk\/lt\/slapuku-politika-2\/"]}]},{"@type":"BreadcrumbList","@id":"https:\/\/irmadent.co.uk\/lt\/slapuku-politika-2\/#breadcrumb","itemListElement":[{"@type":"ListItem","position":1,"name":"Home","item":"https:\/\/irmadent.co.uk\/lt\/pagrindinis\/"},{"@type":"ListItem","position":2,"name":"Slapuk&#371; politika"}]},{"@type":"WebSite","@id":"https:\/\/irmadent.co.uk\/lt\/#website","url":"https:\/\/irmadent.co.uk\/lt\/","name":"Irmadent | Private dental & aesthetic clinic","description":"","publisher":{"@id":"https:\/\/irmadent.co.uk\/lt\/#organization"},"potentialAction":[{"@type":"SearchAction","target":{"@type":"EntryPoint","urlTemplate":"https:\/\/irmadent.co.uk\/lt\/?s={search_term_string}"},"query-input":{"@type":"PropertyValueSpecification","valueRequired":true,"valueName":"search_term_string"}}],"inLanguage":"lt-LT"},{"@type":"Organization","@id":"https:\/\/irmadent.co.uk\/lt\/#organization","name":"Irmadent","url":"https:\/\/irmadent.co.uk\/lt\/","logo":{"@type":"ImageObject","inLanguage":"lt-LT","@id":"https:\/\/irmadent.co.uk\/lt\/#\/schema\/logo\/image\/","url":"https:\/\/irmadent.co.uk\/wp-content\/uploads\/2022\/09\/logo-footer.webp","contentUrl":"https:\/\/irmadent.co.uk\/wp-content\/uploads\/2022\/09\/logo-footer.webp","width":489,"height":284,"caption":"Irmadent"},"image":{"@id":"https:\/\/irmadent.co.uk\/lt\/#\/schema\/logo\/image\/"},"sameAs":["https:\/\/www.facebook.com\/irmadental"]}]}],"_links":{"self":[{"href":"https:\/\/irmadent.co.uk\/lt\/wp-json\/wp\/v2\/pages\/5118","targetHints":{"allow":["GET"]}}],"collection":[{"href":"https:\/\/irmadent.co.uk\/lt\/wp-json\/wp\/v2\/pages"}],"about":[{"href":"https:\/\/irmadent.co.uk\/lt\/wp-json\/wp\/v2\/types\/page"}],"author":[{"embeddable":true,"href":"https:\/\/irmadent.co.uk\/lt\/wp-json\/wp\/v2\/users\/1"}],"replies":[{"embeddable":true,"href":"https:\/\/irmadent.co.uk\/lt\/wp-json\/wp\/v2\/comments?post=5118"}],"version-history":[{"count":2,"href":"https:\/\/irmadent.co.uk\/lt\/wp-json\/wp\/v2\/pages\/5118\/revisions"}],"predecessor-version":[{"id":6182,"href":"https:\/\/irmadent.co.uk\/lt\/wp-json\/wp\/v2\/pages\/5118\/revisions\/6182"}],"wp:attachment":[{"href":"https:\/\/irmadent.co.uk\/lt\/wp-json\/wp\/v2\/media?parent=5118"}],"curies":[{"name":"wp","href":"https:\/\/api.w.org\/{rel}","templated":true}]}}