{"id":5172,"date":"2024-04-22T08:08:18","date_gmt":"2024-04-22T08:08:18","guid":{"rendered":"https:\/\/irmadent.co.uk\/neatvykimo-velyvo-atsaukimo-politika\/"},"modified":"2026-03-26T18:36:17","modified_gmt":"2026-03-26T18:36:17","slug":"neatvykimo-velyvo-atsaukimo-politika","status":"publish","type":"page","link":"https:\/\/irmadent.co.uk\/lt\/neatvykimo-velyvo-atsaukimo-politika\/","title":{"rendered":"NEATVYKIMO\/V\u0116LYVO AT\u0160AUKIMO POLITIKA"},"content":{"rendered":"\n<p>Kasmet prarandame brang\u0173 operacijos laik\u0105, nes pacientai neatvyksta \u012f vizitus arba juos at\u0161aukia per trump\u0105 laik\u0105. D\u0117l to mums sunkiau priimti pacientus, kuriems reikia skubios pagalbos, esamiems pacientams rezervuoti vizitus, o naujiems &#8211; registruotis.<\/p>\n\n<p>Kad neatvykusi\u0173 ar v\u0117lai at\u0161aukt\u0173 susitikim\u0173 i\u0161laidos neb\u016bt\u0173 perkeliamos kitiems m\u016bs\u0173 pacientams, nuo 2024 m. sausio 1 d. u\u017e nepanaudot\u0105 laik\u0105, kai pacientas neatvyksta arba at\u0161aukia susitikim\u0105 be pagr\u012fsto \u012fsp\u0117jimo (likus ma\u017eiau nei 48 valandoms iki susitikimo), imsime mokest\u012f (50 svar\u0173 sterling\u0173).<\/p>\n\n<p>Pirm\u0105 kart\u0105 neatvykus \u012f susitikim\u0105, \u012f j\u016bs\u0173 telefon\u0105 bus i\u0161si\u0173sta SMS \u017einut\u0117 su priminimu apie m\u016bs\u0173 taisykles ir bus prarastas u\u017estatas. Privalote u\u017etikrinti, kad b\u016btume informuoti apie bet kokius j\u016bs\u0173 kontaktin\u0117s informacijos pakeitimus. Jei pacientas d\u0117l rimtos prie\u017easties du kartus neatvyksta \u012f konsultacij\u0105, mes paliekame teis\u0119 savo nuo\u017ei\u016bra i\u0161braukti pacient\u0105 i\u0161 m\u016bs\u0173 praktikos pacient\u0173 s\u0105ra\u0161o.<\/p>\n\n<p>Pacientai, kurie d\u0117l ligos negali atvykti \u012f vizit\u0105, tur\u0117t\u0173, jei \u012fmanoma, susisiekti su gydytoju, kai tik su\u017eino, kad negal\u0117s atvykti. Jei nesate tikri, ar gal\u0117site atvykti \u012f susitikim\u0105, susisiekite su mumis i\u0161 anksto ir aptarkite \u0161\u012f klausim\u0105, o ne atid\u0117kite j\u012f paskutinei minutei. Neprane\u0161\u0119 mums iki susitikimo laiko, neteksite u\u017estato, nebent susiklostyt\u0173 i\u0161skirtin\u0117s aplinkyb\u0117s.<\/p>\n\n<p>Suprantame, kad pasitaiko \u012fvairi\u0173 scenarij\u0173, tod\u0117l, jei yra svarbi prie\u017eastis, d\u0117l kurios susitikimas ne\u012fvyko, bus elgiamasi apdairiai.<\/p>\n\n<p>PRIMINIMAI<\/p>\n\n<p>Apie visus susitikimus galima gauti priminimus SMS \u017einut\u0117mis. Jei turime j\u016bs\u0173 kontaktin\u0119 informacij\u0105, likus 48 valandoms iki susitikimo visada atsi\u0173sime priminimo tekst\u0105.J\u016bs privalote patikrinti savo telefonus (nam\u0173, darbo ir mobiliojo ry\u0161io, jei visi jie yra pateikti), ar n\u0117ra praleist\u0173 skambu\u010di\u0173, atsakyti \u012f telefono \u017einutes ir u\u017etikrinti, kad mes b\u016btume informuoti apie bet kokius j\u016bs\u0173 kontaktin\u0117s informacijos pasikeitimus.<\/p>\n\n<p>Atkreipkite d\u0117mes\u012f, kad priminimai telefonu teikiami i\u0161 mandagumo, o ne i\u0161 b\u016btinyb\u0117s. Privalote laiku atvykti \u012f susitikim\u0105. Telefoninio priminimo sistemos neveikimas d\u0117l bet kokios prie\u017easties n\u0117ra pakankama prie\u017eastis neatvykti \u012f gydym\u0105 arba atvykti \u012f j\u012f per v\u0117lai.<\/p>\n","protected":false},"excerpt":{"rendered":"<p>Kasmet prarandame brang\u0173 operacijos laik\u0105, nes pacientai neatvyksta \u012f vizitus arba juos at\u0161aukia per trump\u0105 laik\u0105. D\u0117l to mums sunkiau priimti pacientus, kuriems reikia skubios pagalbos, esamiems pacientams rezervuoti vizitus, o naujiems &#8211; registruotis. Kad neatvykusi\u0173 ar v\u0117lai at\u0161aukt\u0173 susitikim\u0173 i\u0161laidos neb\u016bt\u0173 perkeliamos kitiems m\u016bs\u0173 pacientams, nuo 2024 m. sausio 1 d. u\u017e nepanaudot\u0105 laik\u0105, [&hellip;]<\/p>\n","protected":false},"author":1,"featured_media":0,"parent":0,"menu_order":0,"comment_status":"closed","ping_status":"closed","template":"","meta":{"footnotes":""},"class_list":["post-5172","page","type-page","status-publish","hentry"],"yoast_head":"<!-- This site is optimized with the Yoast SEO plugin v27.2 - https:\/\/yoast.com\/product\/yoast-seo-wordpress\/ -->\n<title>NEATVYKIMO\/V\u0116LYVO AT\u0160AUKIMO POLITIKA | Irmadent | Private dental &amp; aesthetic clinic<\/title>\n<meta name=\"robots\" content=\"index, follow, max-snippet:-1, max-image-preview:large, max-video-preview:-1\" \/>\n<link rel=\"canonical\" href=\"https:\/\/irmadent.co.uk\/lt\/neatvykimo-velyvo-atsaukimo-politika\/\" \/>\n<meta property=\"og:locale\" content=\"lt_LT\" \/>\n<meta property=\"og:type\" content=\"article\" \/>\n<meta property=\"og:title\" content=\"NEATVYKIMO\/V\u0116LYVO AT\u0160AUKIMO POLITIKA | Irmadent | Private dental &amp; aesthetic clinic\" \/>\n<meta property=\"og:description\" content=\"Kasmet prarandame brang\u0173 operacijos laik\u0105, nes pacientai neatvyksta \u012f vizitus arba juos at\u0161aukia per trump\u0105 laik\u0105. D\u0117l to mums sunkiau priimti pacientus, kuriems reikia skubios pagalbos, esamiems pacientams rezervuoti vizitus, o naujiems &#8211; registruotis. Kad neatvykusi\u0173 ar v\u0117lai at\u0161aukt\u0173 susitikim\u0173 i\u0161laidos neb\u016bt\u0173 perkeliamos kitiems m\u016bs\u0173 pacientams, nuo 2024 m. sausio 1 d. u\u017e nepanaudot\u0105 laik\u0105, [&hellip;]\" \/>\n<meta property=\"og:url\" content=\"https:\/\/irmadent.co.uk\/lt\/neatvykimo-velyvo-atsaukimo-politika\/\" \/>\n<meta property=\"og:site_name\" content=\"Irmadent | Private dental &amp; aesthetic clinic\" \/>\n<meta property=\"article:publisher\" content=\"https:\/\/www.facebook.com\/irmadental\" \/>\n<meta property=\"article:modified_time\" content=\"2026-03-26T18:36:17+00:00\" \/>\n<meta name=\"twitter:card\" content=\"summary_large_image\" \/>\n<meta name=\"twitter:label1\" content=\"Est. reading time\" \/>\n\t<meta name=\"twitter:data1\" content=\"2 minut\u0117s\" \/>\n<script type=\"application\/ld+json\" class=\"yoast-schema-graph\">{\"@context\":\"https:\/\/schema.org\",\"@graph\":[{\"@type\":\"WebPage\",\"@id\":\"https:\/\/irmadent.co.uk\/lt\/neatvykimo-velyvo-atsaukimo-politika\/\",\"url\":\"https:\/\/irmadent.co.uk\/lt\/neatvykimo-velyvo-atsaukimo-politika\/\",\"name\":\"NEATVYKIMO\/V\u0116LYVO AT\u0160AUKIMO POLITIKA | Irmadent | Private dental &amp; aesthetic clinic\",\"isPartOf\":{\"@id\":\"https:\/\/mediumspringgreen-snail-200696.hostingersite.com\/#website\"},\"datePublished\":\"2024-04-22T08:08:18+00:00\",\"dateModified\":\"2026-03-26T18:36:17+00:00\",\"breadcrumb\":{\"@id\":\"https:\/\/irmadent.co.uk\/lt\/neatvykimo-velyvo-atsaukimo-politika\/#breadcrumb\"},\"inLanguage\":\"lt-LT\",\"potentialAction\":[{\"@type\":\"ReadAction\",\"target\":[\"https:\/\/irmadent.co.uk\/lt\/neatvykimo-velyvo-atsaukimo-politika\/\"]}]},{\"@type\":\"BreadcrumbList\",\"@id\":\"https:\/\/irmadent.co.uk\/lt\/neatvykimo-velyvo-atsaukimo-politika\/#breadcrumb\",\"itemListElement\":[{\"@type\":\"ListItem\",\"position\":1,\"name\":\"Home\",\"item\":\"https:\/\/irmadent.co.uk\/lt\/\"},{\"@type\":\"ListItem\",\"position\":2,\"name\":\"NEATVYKIMO\/V\u0116LYVO AT\u0160AUKIMO POLITIKA\"}]},{\"@type\":\"WebSite\",\"@id\":\"https:\/\/mediumspringgreen-snail-200696.hostingersite.com\/#website\",\"url\":\"https:\/\/mediumspringgreen-snail-200696.hostingersite.com\/\",\"name\":\"Irmadent | Private dental & aesthetic clinic\",\"description\":\"\",\"publisher\":{\"@id\":\"https:\/\/mediumspringgreen-snail-200696.hostingersite.com\/#organization\"},\"potentialAction\":[{\"@type\":\"SearchAction\",\"target\":{\"@type\":\"EntryPoint\",\"urlTemplate\":\"https:\/\/mediumspringgreen-snail-200696.hostingersite.com\/?s={search_term_string}\"},\"query-input\":{\"@type\":\"PropertyValueSpecification\",\"valueRequired\":true,\"valueName\":\"search_term_string\"}}],\"inLanguage\":\"lt-LT\"},{\"@type\":\"Organization\",\"@id\":\"https:\/\/mediumspringgreen-snail-200696.hostingersite.com\/#organization\",\"name\":\"Irmadent\",\"url\":\"https:\/\/mediumspringgreen-snail-200696.hostingersite.com\/\",\"logo\":{\"@type\":\"ImageObject\",\"inLanguage\":\"lt-LT\",\"@id\":\"https:\/\/mediumspringgreen-snail-200696.hostingersite.com\/#\/schema\/logo\/image\/\",\"url\":\"https:\/\/irmadent.co.uk\/wp-content\/uploads\/2022\/09\/logo-footer.webp\",\"contentUrl\":\"https:\/\/irmadent.co.uk\/wp-content\/uploads\/2022\/09\/logo-footer.webp\",\"width\":489,\"height\":284,\"caption\":\"Irmadent\"},\"image\":{\"@id\":\"https:\/\/mediumspringgreen-snail-200696.hostingersite.com\/#\/schema\/logo\/image\/\"},\"sameAs\":[\"https:\/\/www.facebook.com\/irmadental\"]}]}<\/script>\n<!-- \/ Yoast SEO plugin. -->","yoast_head_json":{"title":"NEATVYKIMO\/V\u0116LYVO AT\u0160AUKIMO POLITIKA | Irmadent | Private dental &amp; aesthetic clinic","robots":{"index":"index","follow":"follow","max-snippet":"max-snippet:-1","max-image-preview":"max-image-preview:large","max-video-preview":"max-video-preview:-1"},"canonical":"https:\/\/irmadent.co.uk\/lt\/neatvykimo-velyvo-atsaukimo-politika\/","og_locale":"lt_LT","og_type":"article","og_title":"NEATVYKIMO\/V\u0116LYVO AT\u0160AUKIMO POLITIKA | Irmadent | Private dental &amp; aesthetic clinic","og_description":"Kasmet prarandame brang\u0173 operacijos laik\u0105, nes pacientai neatvyksta \u012f vizitus arba juos at\u0161aukia per trump\u0105 laik\u0105. D\u0117l to mums sunkiau priimti pacientus, kuriems reikia skubios pagalbos, esamiems pacientams rezervuoti vizitus, o naujiems &#8211; registruotis. Kad neatvykusi\u0173 ar v\u0117lai at\u0161aukt\u0173 susitikim\u0173 i\u0161laidos neb\u016bt\u0173 perkeliamos kitiems m\u016bs\u0173 pacientams, nuo 2024 m. sausio 1 d. u\u017e nepanaudot\u0105 laik\u0105, [&hellip;]","og_url":"https:\/\/irmadent.co.uk\/lt\/neatvykimo-velyvo-atsaukimo-politika\/","og_site_name":"Irmadent | Private dental &amp; aesthetic clinic","article_publisher":"https:\/\/www.facebook.com\/irmadental","article_modified_time":"2026-03-26T18:36:17+00:00","twitter_card":"summary_large_image","twitter_misc":{"Est. reading time":"2 minut\u0117s"},"schema":{"@context":"https:\/\/schema.org","@graph":[{"@type":"WebPage","@id":"https:\/\/irmadent.co.uk\/lt\/neatvykimo-velyvo-atsaukimo-politika\/","url":"https:\/\/irmadent.co.uk\/lt\/neatvykimo-velyvo-atsaukimo-politika\/","name":"NEATVYKIMO\/V\u0116LYVO AT\u0160AUKIMO POLITIKA | Irmadent | Private dental &amp; aesthetic clinic","isPartOf":{"@id":"https:\/\/mediumspringgreen-snail-200696.hostingersite.com\/#website"},"datePublished":"2024-04-22T08:08:18+00:00","dateModified":"2026-03-26T18:36:17+00:00","breadcrumb":{"@id":"https:\/\/irmadent.co.uk\/lt\/neatvykimo-velyvo-atsaukimo-politika\/#breadcrumb"},"inLanguage":"lt-LT","potentialAction":[{"@type":"ReadAction","target":["https:\/\/irmadent.co.uk\/lt\/neatvykimo-velyvo-atsaukimo-politika\/"]}]},{"@type":"BreadcrumbList","@id":"https:\/\/irmadent.co.uk\/lt\/neatvykimo-velyvo-atsaukimo-politika\/#breadcrumb","itemListElement":[{"@type":"ListItem","position":1,"name":"Home","item":"https:\/\/irmadent.co.uk\/lt\/"},{"@type":"ListItem","position":2,"name":"NEATVYKIMO\/V\u0116LYVO AT\u0160AUKIMO POLITIKA"}]},{"@type":"WebSite","@id":"https:\/\/mediumspringgreen-snail-200696.hostingersite.com\/#website","url":"https:\/\/mediumspringgreen-snail-200696.hostingersite.com\/","name":"Irmadent | Private dental & aesthetic clinic","description":"","publisher":{"@id":"https:\/\/mediumspringgreen-snail-200696.hostingersite.com\/#organization"},"potentialAction":[{"@type":"SearchAction","target":{"@type":"EntryPoint","urlTemplate":"https:\/\/mediumspringgreen-snail-200696.hostingersite.com\/?s={search_term_string}"},"query-input":{"@type":"PropertyValueSpecification","valueRequired":true,"valueName":"search_term_string"}}],"inLanguage":"lt-LT"},{"@type":"Organization","@id":"https:\/\/mediumspringgreen-snail-200696.hostingersite.com\/#organization","name":"Irmadent","url":"https:\/\/mediumspringgreen-snail-200696.hostingersite.com\/","logo":{"@type":"ImageObject","inLanguage":"lt-LT","@id":"https:\/\/mediumspringgreen-snail-200696.hostingersite.com\/#\/schema\/logo\/image\/","url":"https:\/\/irmadent.co.uk\/wp-content\/uploads\/2022\/09\/logo-footer.webp","contentUrl":"https:\/\/irmadent.co.uk\/wp-content\/uploads\/2022\/09\/logo-footer.webp","width":489,"height":284,"caption":"Irmadent"},"image":{"@id":"https:\/\/mediumspringgreen-snail-200696.hostingersite.com\/#\/schema\/logo\/image\/"},"sameAs":["https:\/\/www.facebook.com\/irmadental"]}]}},"_hostinger_reach_plugin_has_subscription_block":false,"_hostinger_reach_plugin_is_elementor":false,"yoast_title":"NEATVYKIMO\/V\u0116LYVO AT\u0160AUKIMO POLITIKA | Irmadent | Private dental &amp; aesthetic clinic","yoast_meta":[{"name":"robots","content":"index, follow, max-snippet:-1, max-image-preview:large, max-video-preview:-1"},{"property":"og:locale","content":"lt_LT"},{"property":"og:type","content":"article"},{"property":"og:title","content":"NEATVYKIMO\/V\u0116LYVO AT\u0160AUKIMO POLITIKA | Irmadent | Private dental &amp; aesthetic clinic"},{"property":"og:description","content":"Kasmet prarandame brang\u0173 operacijos laik\u0105, nes pacientai neatvyksta \u012f vizitus arba juos at\u0161aukia per trump\u0105 laik\u0105. D\u0117l to mums sunkiau priimti pacientus, kuriems reikia skubios pagalbos, esamiems pacientams rezervuoti vizitus, o naujiems \u2013 registruotis. Kad neatvykusi\u0173 ar v\u0117lai at\u0161aukt\u0173 susitikim\u0173 i\u0161laidos neb\u016bt\u0173 perkeliamos kitiems m\u016bs\u0173 pacientams, nuo 2024 m. sausio 1 d. u\u017e nepanaudot\u0105 laik\u0105, [\u2026]"},{"property":"og:url","content":"https:\/\/irmadent.co.uk\/lt\/neatvykimo-velyvo-atsaukimo-politika\/"},{"property":"og:site_name","content":"Irmadent | Private dental &amp; aesthetic clinic"},{"property":"article:publisher","content":"https:\/\/www.facebook.com\/irmadental"},{"property":"article:modified_time","content":"2026-03-26T18:36:17+00:00"},{"name":"twitter:card","content":"summary_large_image"},{"name":"twitter:label1","content":"Est. reading time"},{"name":"twitter:data1","content":"2 minut\u0117s"},{"name":"robots","content":"index, follow, max-image-preview:large, max-snippet:-1, max-video-preview:-1"}],"yoast_json_ld":[{"@context":"https:\/\/schema.org","@graph":[{"@type":"WebPage","@id":"https:\/\/irmadent.co.uk\/lt\/neatvykimo-velyvo-atsaukimo-politika\/","url":"https:\/\/irmadent.co.uk\/lt\/neatvykimo-velyvo-atsaukimo-politika\/","name":"NEATVYKIMO\/V&#278;LYVO AT&Scaron;AUKIMO POLITIKA | Irmadent | Private dental &amp; aesthetic clinic","isPartOf":{"@id":"https:\/\/mediumspringgreen-snail-200696.hostingersite.com\/#website"},"datePublished":"2024-04-22T08:08:18+00:00","dateModified":"2026-03-26T18:36:17+00:00","breadcrumb":{"@id":"https:\/\/irmadent.co.uk\/lt\/neatvykimo-velyvo-atsaukimo-politika\/#breadcrumb"},"inLanguage":"lt-LT","potentialAction":[{"@type":"ReadAction","target":["https:\/\/irmadent.co.uk\/lt\/neatvykimo-velyvo-atsaukimo-politika\/"]}]},{"@type":"BreadcrumbList","@id":"https:\/\/irmadent.co.uk\/lt\/neatvykimo-velyvo-atsaukimo-politika\/#breadcrumb","itemListElement":[{"@type":"ListItem","position":1,"name":"Home","item":"https:\/\/irmadent.co.uk\/lt\/"},{"@type":"ListItem","position":2,"name":"NEATVYKIMO\/V&#278;LYVO AT&Scaron;AUKIMO POLITIKA"}]},{"@type":"WebSite","@id":"https:\/\/mediumspringgreen-snail-200696.hostingersite.com\/#website","url":"https:\/\/mediumspringgreen-snail-200696.hostingersite.com\/","name":"Irmadent | Private dental & aesthetic clinic","description":"","publisher":{"@id":"https:\/\/mediumspringgreen-snail-200696.hostingersite.com\/#organization"},"potentialAction":[{"@type":"SearchAction","target":{"@type":"EntryPoint","urlTemplate":"https:\/\/mediumspringgreen-snail-200696.hostingersite.com\/?s={search_term_string}"},"query-input":{"@type":"PropertyValueSpecification","valueRequired":true,"valueName":"search_term_string"}}],"inLanguage":"lt-LT"},{"@type":"Organization","@id":"https:\/\/mediumspringgreen-snail-200696.hostingersite.com\/#organization","name":"Irmadent","url":"https:\/\/mediumspringgreen-snail-200696.hostingersite.com\/","logo":{"@type":"ImageObject","inLanguage":"lt-LT","@id":"https:\/\/mediumspringgreen-snail-200696.hostingersite.com\/#\/schema\/logo\/image\/","url":"https:\/\/irmadent.co.uk\/wp-content\/uploads\/2022\/09\/logo-footer.webp","contentUrl":"https:\/\/irmadent.co.uk\/wp-content\/uploads\/2022\/09\/logo-footer.webp","width":489,"height":284,"caption":"Irmadent"},"image":{"@id":"https:\/\/mediumspringgreen-snail-200696.hostingersite.com\/#\/schema\/logo\/image\/"},"sameAs":["https:\/\/www.facebook.com\/irmadental"]}]}],"_links":{"self":[{"href":"https:\/\/irmadent.co.uk\/lt\/wp-json\/wp\/v2\/pages\/5172","targetHints":{"allow":["GET"]}}],"collection":[{"href":"https:\/\/irmadent.co.uk\/lt\/wp-json\/wp\/v2\/pages"}],"about":[{"href":"https:\/\/irmadent.co.uk\/lt\/wp-json\/wp\/v2\/types\/page"}],"author":[{"embeddable":true,"href":"https:\/\/irmadent.co.uk\/lt\/wp-json\/wp\/v2\/users\/1"}],"replies":[{"embeddable":true,"href":"https:\/\/irmadent.co.uk\/lt\/wp-json\/wp\/v2\/comments?post=5172"}],"version-history":[{"count":2,"href":"https:\/\/irmadent.co.uk\/lt\/wp-json\/wp\/v2\/pages\/5172\/revisions"}],"predecessor-version":[{"id":5176,"href":"https:\/\/irmadent.co.uk\/lt\/wp-json\/wp\/v2\/pages\/5172\/revisions\/5176"}],"wp:attachment":[{"href":"https:\/\/irmadent.co.uk\/lt\/wp-json\/wp\/v2\/media?parent=5172"}],"curies":[{"name":"wp","href":"https:\/\/api.w.org\/{rel}","templated":true}]}}